{"id":1890,"date":"2025-10-16T12:22:01","date_gmt":"2025-10-16T19:22:01","guid":{"rendered":"https:\/\/grupoimpulsora.com\/producto\/nova-pekacid-2\/"},"modified":"2025-10-16T14:08:42","modified_gmt":"2025-10-16T21:08:42","slug":"nova-pekacid","status":"publish","type":"product","link":"https:\/\/grupoimpulsora.com\/es\/producto\/nova-pekacid\/","title":{"rendered":"Nova PeKacid"},"content":{"rendered":"<p><strong>Beneficios<\/strong><\/p>\n<p>-Aumenta la absorci\u00f3n de los nutrientes y ayuda en la liberaci\u00f3n de micronutrientes bloqueados, tales como: hierro (Fe), zinc (Zn), manganeso (Mn) y cobre (Cu) en suelos calc\u00e1reos\/ alcalinos.<br \/>\n-Es un excelente fertilizante de arranque, lo que garantiza el r\u00e1pido y fuerte desarrollo del cultivo.<br \/>\n-Fertilizante libre de nitr\u00f3geno (N), \u00e9ste permite mayor flexibilidad en la dosificaci\u00f3n de N en el programa de fertirrigaci\u00f3n.<\/p>\n<p><strong>Aplicaci\u00f3n<\/strong><br \/>\nFertirriego<\/p>\n<p><strong>Presentaci\u00f3n<\/strong><br \/>\nCristalino<\/p>\n<p><strong>Recomendaciones<\/strong><\/p>\n<ul>\n<li>Se recomiendo usarlo en sistemas de riego por goteo o cinta<\/li>\n<li>Su uso es ideal para mantener los sistemas de riego limpios y libres de obstrucciones, se pueden realizar limpiezas peri\u00f3dicas.<\/li>\n<li>Tambi\u00e9n puede usarse en una mezcla de tanque con calcio y magnesio, gracias a su nivel de acidez y su bajo nivel de sodio (revisar tabla de compatibilidad)<\/li>\n<\/ul>\n<p><strong>Composici\u00f3n<\/strong><br \/>\nN0 P60 K20<\/p>\n<p><strong>Etapa de aplicaci\u00f3n<\/strong><\/p>\n<ul>\n<li>Establecimiento<\/li>\n<li>Desarrollo vegetativo<\/li>\n<li>Floraci\u00f3n<\/li>\n<\/ul>\n<p><strong>Cultivos<\/strong><br \/>\nGranos<br \/>\nHortalizas<\/p>","protected":false},"excerpt":{"rendered":"<p>La soluci\u00f3n perfecta para cuando tus cultivos necesitan un fertilizante soluble de F\u00f3sforo. Es una f\u00f3rmula enriquecida con potasio para aumentar la absorci\u00f3n de tu cultivo. Adem\u00e1s, tiene un efecto acidificante que asegura que tus l\u00edneas no se van a tapar u obstruir.<\/p>","protected":false},"featured_media":2000,"comment_status":"open","ping_status":"closed","template":"","meta":{"_exactmetrics_skip_tracking":false,"_exactmetrics_sitenote_active":false,"_exactmetrics_sitenote_note":"","_exactmetrics_sitenote_category":0,"ocean_post_layout":"","ocean_both_sidebars_style":"","ocean_both_sidebars_content_width":0,"ocean_both_sidebars_sidebars_width":0,"ocean_sidebar":"0","ocean_second_sidebar":"0","ocean_disable_margins":"enable","ocean_add_body_class":"","ocean_shortcode_before_top_bar":"","ocean_shortcode_after_top_bar":"","ocean_shortcode_before_header":"","ocean_shortcode_after_header":"","ocean_has_shortcode":"","ocean_shortcode_after_title":"","ocean_shortcode_before_footer_widgets":"","ocean_shortcode_after_footer_widgets":"","ocean_shortcode_before_footer_bottom":"","ocean_shortcode_after_footer_bottom":"","ocean_display_top_bar":"default","ocean_display_header":"default","ocean_header_style":"","ocean_center_header_left_menu":"0","ocean_custom_header_template":"0","ocean_custom_logo":0,"ocean_custom_retina_logo":0,"ocean_custom_logo_max_width":0,"ocean_custom_logo_tablet_max_width":0,"ocean_custom_logo_mobile_max_width":0,"ocean_custom_logo_max_height":0,"ocean_custom_logo_tablet_max_height":0,"ocean_custom_logo_mobile_max_height":0,"ocean_header_custom_menu":"0","ocean_menu_typo_font_family":"0","ocean_menu_typo_font_subset":"","ocean_menu_typo_font_size":0,"ocean_menu_typo_font_size_tablet":0,"ocean_menu_typo_font_size_mobile":0,"ocean_menu_typo_font_size_unit":"px","ocean_menu_typo_font_weight":"","ocean_menu_typo_font_weight_tablet":"","ocean_menu_typo_font_weight_mobile":"","ocean_menu_typo_transform":"","ocean_menu_typo_transform_tablet":"","ocean_menu_typo_transform_mobile":"","ocean_menu_typo_line_height":0,"ocean_menu_typo_line_height_tablet":0,"ocean_menu_typo_line_height_mobile":0,"ocean_menu_typo_line_height_unit":"","ocean_menu_typo_spacing":0,"ocean_menu_typo_spacing_tablet":0,"ocean_menu_typo_spacing_mobile":0,"ocean_menu_typo_spacing_unit":"","ocean_menu_link_color":"","ocean_menu_link_color_hover":"","ocean_menu_link_color_active":"","ocean_menu_link_background":"","ocean_menu_link_hover_background":"","ocean_menu_link_active_background":"","ocean_menu_social_links_bg":"","ocean_menu_social_hover_links_bg":"","ocean_menu_social_links_color":"","ocean_menu_social_hover_links_color":"","ocean_disable_title":"default","ocean_disable_heading":"default","ocean_post_title":"","ocean_post_subheading":"","ocean_post_title_style":"","ocean_post_title_background_color":"","ocean_post_title_background":0,"ocean_post_title_bg_image_position":"","ocean_post_title_bg_image_attachment":"","ocean_post_title_bg_image_repeat":"","ocean_post_title_bg_image_size":"","ocean_post_title_height":0,"ocean_post_title_bg_overlay":0.5,"ocean_post_title_bg_overlay_color":"","ocean_disable_breadcrumbs":"default","ocean_breadcrumbs_color":"","ocean_breadcrumbs_separator_color":"","ocean_breadcrumbs_links_color":"","ocean_breadcrumbs_links_hover_color":"","ocean_display_footer_widgets":"default","ocean_display_footer_bottom":"default","ocean_custom_footer_template":"0","_joinchat":[]},"product_brand":[146],"product_cat":[15],"product_tag":[158,137,153,27,91,130,32,88,157],"class_list":{"0":"post-1890","1":"product","2":"type-product","3":"status-publish","4":"has-post-thumbnail","6":"product_brand-icl","7":"product_cat-nuevas-tecnologias_fertilizantes","8":"product_tag-cristalino","9":"product_tag-desarrollo-vegetativo","10":"product_tag-establecimiento","11":"product_tag-fertilizante","12":"product_tag-fertirriego-2","13":"product_tag-floracion","14":"product_tag-granos","15":"product_tag-hortalizas","16":"product_tag-n0-p60-k20","18":"entry","19":"has-media","21":"first","22":"instock","23":"shipping-taxable","24":"product-type-simple","25":"has-product-nav","26":"col","27":"span_1_of_3","28":"owp-content-center","29":"item-entry","30":"owp-thumbs-layout-horizontal","31":"owp-btn-normal","32":"owp-tabs-layout-horizontal","33":"has-no-thumbnails"},"yoast_head":"<!-- This site is optimized with the Yoast SEO plugin v27.1.1 - https:\/\/yoast.com\/product\/yoast-seo-wordpress\/ -->\n<title>Nova PeKacid - Grupo Impulsora<\/title>\n<meta name=\"description\" content=\"F\u00f3rmula enriquecida con potasio para aumentar la absorci\u00f3n de tu cultivo. Con efecto acidificante que asegura que tus l\u00edneas no se van a tapar u obstruir.\" \/>\n<meta name=\"robots\" content=\"index, follow, max-snippet:-1, max-image-preview:large, max-video-preview:-1\" \/>\n<link rel=\"canonical\" href=\"https:\/\/grupoimpulsora.com\/es\/producto\/nova-pekacid\/\" \/>\n<meta property=\"og:locale\" content=\"es_MX\" \/>\n<meta property=\"og:type\" content=\"article\" \/>\n<meta property=\"og:title\" content=\"Nova PeKacid - Grupo Impulsora\" \/>\n<meta property=\"og:description\" content=\"F\u00f3rmula enriquecida con potasio para aumentar la absorci\u00f3n de tu cultivo. Con efecto acidificante que asegura que tus l\u00edneas no se van a tapar u obstruir.\" \/>\n<meta property=\"og:url\" content=\"https:\/\/grupoimpulsora.com\/es\/producto\/nova-pekacid\/\" \/>\n<meta property=\"og:site_name\" content=\"Grupo Impulsora\" \/>\n<meta property=\"article:publisher\" content=\"https:\/\/www.facebook.com\/GrupoImpulsora\" \/>\n<meta property=\"article:modified_time\" content=\"2025-10-16T21:08:42+00:00\" \/>\n<meta property=\"og:image\" content=\"https:\/\/grupoimpulsora.com\/wp-content\/uploads\/2025\/10\/Nova-Pekacid-500x750-1.png\" \/>\n\t<meta property=\"og:image:width\" content=\"500\" \/>\n\t<meta property=\"og:image:height\" content=\"750\" \/>\n\t<meta property=\"og:image:type\" content=\"image\/png\" \/>\n<meta name=\"twitter:card\" content=\"summary_large_image\" \/>\n<meta name=\"twitter:label1\" content=\"Tiempo de lectura\" \/>\n\t<meta name=\"twitter:data1\" content=\"1 minuto\" \/>\n<script type=\"application\/ld+json\" class=\"yoast-schema-graph\">{\"@context\":\"https:\/\/schema.org\",\"@graph\":[{\"@type\":\"WebPage\",\"@id\":\"https:\/\/grupoimpulsora.com\/producto\/nova-pekacid\/\",\"url\":\"https:\/\/grupoimpulsora.com\/producto\/nova-pekacid\/\",\"name\":\"Nova PeKacid - Grupo Impulsora\",\"isPartOf\":{\"@id\":\"https:\/\/grupoimpulsora.com\/#website\"},\"primaryImageOfPage\":{\"@id\":\"https:\/\/grupoimpulsora.com\/producto\/nova-pekacid\/#primaryimage\"},\"image\":{\"@id\":\"https:\/\/grupoimpulsora.com\/producto\/nova-pekacid\/#primaryimage\"},\"thumbnailUrl\":\"https:\/\/grupoimpulsora.com\/wp-content\/uploads\/2025\/10\/Nova-Pekacid-500x750-1.png\",\"datePublished\":\"2025-10-16T19:22:01+00:00\",\"dateModified\":\"2025-10-16T21:08:42+00:00\",\"description\":\"F\u00f3rmula enriquecida con potasio para aumentar la absorci\u00f3n de tu cultivo. Con efecto acidificante que asegura que tus l\u00edneas no se van a tapar u obstruir.\",\"breadcrumb\":{\"@id\":\"https:\/\/grupoimpulsora.com\/producto\/nova-pekacid\/#breadcrumb\"},\"inLanguage\":\"es\",\"potentialAction\":[{\"@type\":\"ReadAction\",\"target\":[\"https:\/\/grupoimpulsora.com\/producto\/nova-pekacid\/\"]}]},{\"@type\":\"ImageObject\",\"inLanguage\":\"es\",\"@id\":\"https:\/\/grupoimpulsora.com\/producto\/nova-pekacid\/#primaryimage\",\"url\":\"https:\/\/grupoimpulsora.com\/wp-content\/uploads\/2025\/10\/Nova-Pekacid-500x750-1.png\",\"contentUrl\":\"https:\/\/grupoimpulsora.com\/wp-content\/uploads\/2025\/10\/Nova-Pekacid-500x750-1.png\",\"width\":500,\"height\":750,\"caption\":\"Nova Pekacid\"},{\"@type\":\"BreadcrumbList\",\"@id\":\"https:\/\/grupoimpulsora.com\/producto\/nova-pekacid\/#breadcrumb\",\"itemListElement\":[{\"@type\":\"ListItem\",\"position\":1,\"name\":\"Inicio\",\"item\":\"https:\/\/grupoimpulsora.com\/\"},{\"@type\":\"ListItem\",\"position\":2,\"name\":\"Cat\u00e1logo\",\"item\":\"https:\/\/grupoimpulsora.com\/catalogo\/\"},{\"@type\":\"ListItem\",\"position\":3,\"name\":\"Nova PeKacid\"}]},{\"@type\":\"WebSite\",\"@id\":\"https:\/\/grupoimpulsora.com\/#website\",\"url\":\"https:\/\/grupoimpulsora.com\/\",\"name\":\"Grupo Impulsora\",\"description\":\"Comercializadora de insumos agr\u00edcolas especializada en productos de fertilizaci\u00f3n para granos\",\"publisher\":{\"@id\":\"https:\/\/grupoimpulsora.com\/#organization\"},\"potentialAction\":[{\"@type\":\"SearchAction\",\"target\":{\"@type\":\"EntryPoint\",\"urlTemplate\":\"https:\/\/grupoimpulsora.com\/?s={search_term_string}\"},\"query-input\":{\"@type\":\"PropertyValueSpecification\",\"valueRequired\":true,\"valueName\":\"search_term_string\"}}],\"inLanguage\":\"es\"},{\"@type\":\"Organization\",\"@id\":\"https:\/\/grupoimpulsora.com\/#organization\",\"name\":\"Grupo Impulsora\",\"url\":\"https:\/\/grupoimpulsora.com\/\",\"logo\":{\"@type\":\"ImageObject\",\"inLanguage\":\"es\",\"@id\":\"https:\/\/grupoimpulsora.com\/#\/schema\/logo\/image\/\",\"url\":\"https:\/\/grupoimpulsora.com\/wp-content\/uploads\/2024\/03\/Logotipo-Barra-de-navegacion.png\",\"contentUrl\":\"https:\/\/grupoimpulsora.com\/wp-content\/uploads\/2024\/03\/Logotipo-Barra-de-navegacion.png\",\"width\":385,\"height\":64,\"caption\":\"Grupo Impulsora\"},\"image\":{\"@id\":\"https:\/\/grupoimpulsora.com\/#\/schema\/logo\/image\/\"},\"sameAs\":[\"https:\/\/www.facebook.com\/GrupoImpulsora\",\"https:\/\/www.instagram.com\/grupoimpulsora\/\",\"https:\/\/www.youtube.com\/@grupoimpulsora\"]}]}<\/script>\n<!-- \/ Yoast SEO plugin. -->","yoast_head_json":{"title":"Nova PeKacid - Grupo Impulsora","description":"F\u00f3rmula enriquecida con potasio para aumentar la absorci\u00f3n de tu cultivo. Con efecto acidificante que asegura que tus l\u00edneas no se van a tapar u obstruir.","robots":{"index":"index","follow":"follow","max-snippet":"max-snippet:-1","max-image-preview":"max-image-preview:large","max-video-preview":"max-video-preview:-1"},"canonical":"https:\/\/grupoimpulsora.com\/es\/producto\/nova-pekacid\/","og_locale":"es_MX","og_type":"article","og_title":"Nova PeKacid - Grupo Impulsora","og_description":"F\u00f3rmula enriquecida con potasio para aumentar la absorci\u00f3n de tu cultivo. Con efecto acidificante que asegura que tus l\u00edneas no se van a tapar u obstruir.","og_url":"https:\/\/grupoimpulsora.com\/es\/producto\/nova-pekacid\/","og_site_name":"Grupo Impulsora","article_publisher":"https:\/\/www.facebook.com\/GrupoImpulsora","article_modified_time":"2025-10-16T21:08:42+00:00","og_image":[{"width":500,"height":750,"url":"https:\/\/grupoimpulsora.com\/wp-content\/uploads\/2025\/10\/Nova-Pekacid-500x750-1.png","type":"image\/png"}],"twitter_card":"summary_large_image","twitter_misc":{"Tiempo de lectura":"1 minuto"},"schema":{"@context":"https:\/\/schema.org","@graph":[{"@type":"WebPage","@id":"https:\/\/grupoimpulsora.com\/producto\/nova-pekacid\/","url":"https:\/\/grupoimpulsora.com\/producto\/nova-pekacid\/","name":"Nova PeKacid - Grupo Impulsora","isPartOf":{"@id":"https:\/\/grupoimpulsora.com\/#website"},"primaryImageOfPage":{"@id":"https:\/\/grupoimpulsora.com\/producto\/nova-pekacid\/#primaryimage"},"image":{"@id":"https:\/\/grupoimpulsora.com\/producto\/nova-pekacid\/#primaryimage"},"thumbnailUrl":"https:\/\/grupoimpulsora.com\/wp-content\/uploads\/2025\/10\/Nova-Pekacid-500x750-1.png","datePublished":"2025-10-16T19:22:01+00:00","dateModified":"2025-10-16T21:08:42+00:00","description":"F\u00f3rmula enriquecida con potasio para aumentar la absorci\u00f3n de tu cultivo. Con efecto acidificante que asegura que tus l\u00edneas no se van a tapar u obstruir.","breadcrumb":{"@id":"https:\/\/grupoimpulsora.com\/producto\/nova-pekacid\/#breadcrumb"},"inLanguage":"es","potentialAction":[{"@type":"ReadAction","target":["https:\/\/grupoimpulsora.com\/producto\/nova-pekacid\/"]}]},{"@type":"ImageObject","inLanguage":"es","@id":"https:\/\/grupoimpulsora.com\/producto\/nova-pekacid\/#primaryimage","url":"https:\/\/grupoimpulsora.com\/wp-content\/uploads\/2025\/10\/Nova-Pekacid-500x750-1.png","contentUrl":"https:\/\/grupoimpulsora.com\/wp-content\/uploads\/2025\/10\/Nova-Pekacid-500x750-1.png","width":500,"height":750,"caption":"Nova Pekacid"},{"@type":"BreadcrumbList","@id":"https:\/\/grupoimpulsora.com\/producto\/nova-pekacid\/#breadcrumb","itemListElement":[{"@type":"ListItem","position":1,"name":"Inicio","item":"https:\/\/grupoimpulsora.com\/"},{"@type":"ListItem","position":2,"name":"Cat\u00e1logo","item":"https:\/\/grupoimpulsora.com\/catalogo\/"},{"@type":"ListItem","position":3,"name":"Nova PeKacid"}]},{"@type":"WebSite","@id":"https:\/\/grupoimpulsora.com\/#website","url":"https:\/\/grupoimpulsora.com\/","name":"Grupo Impulsora","description":"Comercializadora de insumos agr\u00edcolas especializada en productos de fertilizaci\u00f3n para granos","publisher":{"@id":"https:\/\/grupoimpulsora.com\/#organization"},"potentialAction":[{"@type":"SearchAction","target":{"@type":"EntryPoint","urlTemplate":"https:\/\/grupoimpulsora.com\/?s={search_term_string}"},"query-input":{"@type":"PropertyValueSpecification","valueRequired":true,"valueName":"search_term_string"}}],"inLanguage":"es"},{"@type":"Organization","@id":"https:\/\/grupoimpulsora.com\/#organization","name":"Grupo Impulsora","url":"https:\/\/grupoimpulsora.com\/","logo":{"@type":"ImageObject","inLanguage":"es","@id":"https:\/\/grupoimpulsora.com\/#\/schema\/logo\/image\/","url":"https:\/\/grupoimpulsora.com\/wp-content\/uploads\/2024\/03\/Logotipo-Barra-de-navegacion.png","contentUrl":"https:\/\/grupoimpulsora.com\/wp-content\/uploads\/2024\/03\/Logotipo-Barra-de-navegacion.png","width":385,"height":64,"caption":"Grupo Impulsora"},"image":{"@id":"https:\/\/grupoimpulsora.com\/#\/schema\/logo\/image\/"},"sameAs":["https:\/\/www.facebook.com\/GrupoImpulsora","https:\/\/www.instagram.com\/grupoimpulsora\/","https:\/\/www.youtube.com\/@grupoimpulsora"]}]}},"_links":{"self":[{"href":"https:\/\/grupoimpulsora.com\/es\/wp-json\/wp\/v2\/product\/1890","targetHints":{"allow":["GET"]}}],"collection":[{"href":"https:\/\/grupoimpulsora.com\/es\/wp-json\/wp\/v2\/product"}],"about":[{"href":"https:\/\/grupoimpulsora.com\/es\/wp-json\/wp\/v2\/types\/product"}],"replies":[{"embeddable":true,"href":"https:\/\/grupoimpulsora.com\/es\/wp-json\/wp\/v2\/comments?post=1890"}],"version-history":[{"count":3,"href":"https:\/\/grupoimpulsora.com\/es\/wp-json\/wp\/v2\/product\/1890\/revisions"}],"predecessor-version":[{"id":2023,"href":"https:\/\/grupoimpulsora.com\/es\/wp-json\/wp\/v2\/product\/1890\/revisions\/2023"}],"wp:featuredmedia":[{"embeddable":true,"href":"https:\/\/grupoimpulsora.com\/es\/wp-json\/wp\/v2\/media\/2000"}],"wp:attachment":[{"href":"https:\/\/grupoimpulsora.com\/es\/wp-json\/wp\/v2\/media?parent=1890"}],"wp:term":[{"taxonomy":"product_brand","embeddable":true,"href":"https:\/\/grupoimpulsora.com\/es\/wp-json\/wp\/v2\/product_brand?post=1890"},{"taxonomy":"product_cat","embeddable":true,"href":"https:\/\/grupoimpulsora.com\/es\/wp-json\/wp\/v2\/product_cat?post=1890"},{"taxonomy":"product_tag","embeddable":true,"href":"https:\/\/grupoimpulsora.com\/es\/wp-json\/wp\/v2\/product_tag?post=1890"}],"curies":[{"name":"wp","href":"https:\/\/api.w.org\/{rel}","templated":true}]}}