{"id":1896,"date":"2025-10-16T12:22:05","date_gmt":"2025-10-16T19:22:05","guid":{"rendered":"https:\/\/grupoimpulsora.com\/producto\/mezcla-32-10-2\/"},"modified":"2025-10-16T15:03:01","modified_gmt":"2025-10-16T22:03:01","slug":"mezcla-32","status":"publish","type":"product","link":"https:\/\/grupoimpulsora.com\/es\/producto\/mezcla-32\/","title":{"rendered":"Mezcla 32"},"content":{"rendered":"<p><strong>Beneficios<\/strong><\/p>\n<ul>\n<li>Acelera el desarrollo foliar<\/li>\n<li>Favorece la fotos\u00edntesis<\/li>\n<li>Mejora s\u00edntesis de prote\u00ednas y asimilaci\u00f3n de nitr\u00f3geno<\/li>\n<li>Resistencia a estr\u00e9s Ambiental<\/li>\n<\/ul>\n<p><strong>Recomendaciones<\/strong><br \/>\nSu uso es ideal en fases iniciales y de r\u00e1pido crecimiento en cultivos con alta demanda de nitr\u00f3geno<\/p>\n<p><strong>Composici\u00f3n<\/strong><br \/>\nN32 P10 K2 S4 +2Ca + 1Mg +Micros<\/p>\n<p><strong>Etapa de aplicaci\u00f3n <\/strong><br \/>\nPresiembra<\/p>\n<p><strong>Cultivos<\/strong><br \/>\nGranos especialmente gram\u00edneas<\/p>\n<p><strong>Aplicaci\u00f3n <\/strong><br \/>\nSuelo<\/p>\n<p><strong>Presentaci\u00f3n<\/strong><br \/>\nGranular<\/p>","protected":false},"excerpt":{"rendered":"<p>F\u00f3rmulas de arranque con alto contenido de nitr\u00f3geno, para un r\u00e1pido crecimiento vegetativo y desarrollo foliar vigoroso. Mejora la estructura celular del cultivo y s\u00edntesis de prote\u00ednas gracias a su aporte balanceado de macros secundarios<\/p>\n<p>Adicionadas con Wolftrax<\/p>\n<p>Su innovadora f\u00f3rmula proporciona nutrientes m\u00e1s cerca de las ra\u00edces en crecimiento, permitiendo que los cultivos accedan a la dosis adecuada de forma constante durante todo el ciclo de creciemiento.<br \/>\nGracias a su tecnolog\u00eda EvenCoat los nutrientes en polvo seco dispensable (DDP) cubren uniformemente toda la superficie de los gr\u00e1nulos de fertilizante seco. Esto garantiza una distribuci\u00f3n uniforme de los micronutrientes en el campo lo que mejora el rendimiento y ayuda a preparar los cultivos para el \u00e9xito.<\/p>","protected":false},"featured_media":1997,"comment_status":"open","ping_status":"closed","template":"","meta":{"_exactmetrics_skip_tracking":false,"_exactmetrics_sitenote_active":false,"_exactmetrics_sitenote_note":"","_exactmetrics_sitenote_category":0,"ocean_post_layout":"","ocean_both_sidebars_style":"","ocean_both_sidebars_content_width":0,"ocean_both_sidebars_sidebars_width":0,"ocean_sidebar":"0","ocean_second_sidebar":"0","ocean_disable_margins":"enable","ocean_add_body_class":"","ocean_shortcode_before_top_bar":"","ocean_shortcode_after_top_bar":"","ocean_shortcode_before_header":"","ocean_shortcode_after_header":"","ocean_has_shortcode":"","ocean_shortcode_after_title":"","ocean_shortcode_before_footer_widgets":"","ocean_shortcode_after_footer_widgets":"","ocean_shortcode_before_footer_bottom":"","ocean_shortcode_after_footer_bottom":"","ocean_display_top_bar":"default","ocean_display_header":"default","ocean_header_style":"","ocean_center_header_left_menu":"0","ocean_custom_header_template":"0","ocean_custom_logo":0,"ocean_custom_retina_logo":0,"ocean_custom_logo_max_width":0,"ocean_custom_logo_tablet_max_width":0,"ocean_custom_logo_mobile_max_width":0,"ocean_custom_logo_max_height":0,"ocean_custom_logo_tablet_max_height":0,"ocean_custom_logo_mobile_max_height":0,"ocean_header_custom_menu":"0","ocean_menu_typo_font_family":"0","ocean_menu_typo_font_subset":"","ocean_menu_typo_font_size":0,"ocean_menu_typo_font_size_tablet":0,"ocean_menu_typo_font_size_mobile":0,"ocean_menu_typo_font_size_unit":"px","ocean_menu_typo_font_weight":"","ocean_menu_typo_font_weight_tablet":"","ocean_menu_typo_font_weight_mobile":"","ocean_menu_typo_transform":"","ocean_menu_typo_transform_tablet":"","ocean_menu_typo_transform_mobile":"","ocean_menu_typo_line_height":0,"ocean_menu_typo_line_height_tablet":0,"ocean_menu_typo_line_height_mobile":0,"ocean_menu_typo_line_height_unit":"","ocean_menu_typo_spacing":0,"ocean_menu_typo_spacing_tablet":0,"ocean_menu_typo_spacing_mobile":0,"ocean_menu_typo_spacing_unit":"","ocean_menu_link_color":"","ocean_menu_link_color_hover":"","ocean_menu_link_color_active":"","ocean_menu_link_background":"","ocean_menu_link_hover_background":"","ocean_menu_link_active_background":"","ocean_menu_social_links_bg":"","ocean_menu_social_hover_links_bg":"","ocean_menu_social_links_color":"","ocean_menu_social_hover_links_color":"","ocean_disable_title":"default","ocean_disable_heading":"default","ocean_post_title":"","ocean_post_subheading":"","ocean_post_title_style":"","ocean_post_title_background_color":"","ocean_post_title_background":0,"ocean_post_title_bg_image_position":"","ocean_post_title_bg_image_attachment":"","ocean_post_title_bg_image_repeat":"","ocean_post_title_bg_image_size":"","ocean_post_title_height":0,"ocean_post_title_bg_overlay":0.5,"ocean_post_title_bg_overlay_color":"","ocean_disable_breadcrumbs":"default","ocean_breadcrumbs_color":"","ocean_breadcrumbs_separator_color":"","ocean_breadcrumbs_links_color":"","ocean_breadcrumbs_links_hover_color":"","ocean_display_footer_widgets":"default","ocean_display_footer_bottom":"default","ocean_custom_footer_template":"0","_joinchat":[]},"product_brand":[145],"product_cat":[166],"product_tag":[169,27,167,120,170,39,161],"class_list":{"0":"post-1896","1":"product","2":"type-product","3":"status-publish","4":"has-post-thumbnail","6":"product_brand-tecnologia_impulsora","7":"product_cat-mezclas-fisicas-especializadas-2","8":"product_tag-adicionada-con-wolftrax","9":"product_tag-fertilizante","10":"product_tag-granos-especialmente-gramineas","11":"product_tag-granular","12":"product_tag-n32-p10-k2-s4-2ca-1mg-micros","13":"product_tag-presiembra","14":"product_tag-suelo","16":"entry","17":"has-media","19":"first","20":"instock","21":"shipping-taxable","22":"product-type-simple","23":"has-product-nav","24":"col","25":"span_1_of_3","26":"owp-content-center","27":"item-entry","28":"owp-thumbs-layout-horizontal","29":"owp-btn-normal","30":"owp-tabs-layout-horizontal","31":"has-no-thumbnails"},"yoast_head":"<!-- This site is optimized with the Yoast SEO plugin v27.1.1 - https:\/\/yoast.com\/product\/yoast-seo-wordpress\/ -->\n<title>Mezcla 32 - Grupo Impulsora<\/title>\n<meta name=\"description\" content=\"F\u00f3rmulas de arranque con alto contenido de nitr\u00f3geno, para un r\u00e1pido crecimiento vegetativo y desarrollo foliar vigoroso.\" \/>\n<meta name=\"robots\" content=\"index, follow, max-snippet:-1, max-image-preview:large, max-video-preview:-1\" \/>\n<link rel=\"canonical\" href=\"https:\/\/grupoimpulsora.com\/es\/producto\/mezcla-32\/\" \/>\n<meta property=\"og:locale\" content=\"es_MX\" \/>\n<meta property=\"og:type\" content=\"article\" \/>\n<meta property=\"og:title\" content=\"Mezcla 32 - Grupo Impulsora\" \/>\n<meta property=\"og:description\" content=\"F\u00f3rmulas de arranque con alto contenido de nitr\u00f3geno, para un r\u00e1pido crecimiento vegetativo y desarrollo foliar vigoroso.\" \/>\n<meta property=\"og:url\" content=\"https:\/\/grupoimpulsora.com\/es\/producto\/mezcla-32\/\" \/>\n<meta property=\"og:site_name\" content=\"Grupo Impulsora\" \/>\n<meta property=\"article:publisher\" content=\"https:\/\/www.facebook.com\/GrupoImpulsora\" \/>\n<meta property=\"article:modified_time\" content=\"2025-10-16T22:03:01+00:00\" \/>\n<meta property=\"og:image\" content=\"https:\/\/grupoimpulsora.com\/wp-content\/uploads\/2025\/10\/Mezcla-32-10-500x750-1.png\" \/>\n\t<meta property=\"og:image:width\" content=\"500\" \/>\n\t<meta property=\"og:image:height\" content=\"750\" \/>\n\t<meta property=\"og:image:type\" content=\"image\/png\" \/>\n<meta name=\"twitter:card\" content=\"summary_large_image\" \/>\n<meta name=\"twitter:label1\" content=\"Tiempo de lectura\" \/>\n\t<meta name=\"twitter:data1\" content=\"1 minuto\" \/>\n<script type=\"application\/ld+json\" class=\"yoast-schema-graph\">{\"@context\":\"https:\/\/schema.org\",\"@graph\":[{\"@type\":\"WebPage\",\"@id\":\"https:\/\/grupoimpulsora.com\/producto\/mezcla-32\/\",\"url\":\"https:\/\/grupoimpulsora.com\/producto\/mezcla-32\/\",\"name\":\"Mezcla 32 - Grupo Impulsora\",\"isPartOf\":{\"@id\":\"https:\/\/grupoimpulsora.com\/#website\"},\"primaryImageOfPage\":{\"@id\":\"https:\/\/grupoimpulsora.com\/producto\/mezcla-32\/#primaryimage\"},\"image\":{\"@id\":\"https:\/\/grupoimpulsora.com\/producto\/mezcla-32\/#primaryimage\"},\"thumbnailUrl\":\"https:\/\/grupoimpulsora.com\/wp-content\/uploads\/2025\/10\/Mezcla-32-10-500x750-1.png\",\"datePublished\":\"2025-10-16T19:22:05+00:00\",\"dateModified\":\"2025-10-16T22:03:01+00:00\",\"description\":\"F\u00f3rmulas de arranque con alto contenido de nitr\u00f3geno, para un r\u00e1pido crecimiento vegetativo y desarrollo foliar vigoroso.\",\"breadcrumb\":{\"@id\":\"https:\/\/grupoimpulsora.com\/producto\/mezcla-32\/#breadcrumb\"},\"inLanguage\":\"es\",\"potentialAction\":[{\"@type\":\"ReadAction\",\"target\":[\"https:\/\/grupoimpulsora.com\/producto\/mezcla-32\/\"]}]},{\"@type\":\"ImageObject\",\"inLanguage\":\"es\",\"@id\":\"https:\/\/grupoimpulsora.com\/producto\/mezcla-32\/#primaryimage\",\"url\":\"https:\/\/grupoimpulsora.com\/wp-content\/uploads\/2025\/10\/Mezcla-32-10-500x750-1.png\",\"contentUrl\":\"https:\/\/grupoimpulsora.com\/wp-content\/uploads\/2025\/10\/Mezcla-32-10-500x750-1.png\",\"width\":500,\"height\":750},{\"@type\":\"BreadcrumbList\",\"@id\":\"https:\/\/grupoimpulsora.com\/producto\/mezcla-32\/#breadcrumb\",\"itemListElement\":[{\"@type\":\"ListItem\",\"position\":1,\"name\":\"Inicio\",\"item\":\"https:\/\/grupoimpulsora.com\/\"},{\"@type\":\"ListItem\",\"position\":2,\"name\":\"Cat\u00e1logo\",\"item\":\"https:\/\/grupoimpulsora.com\/catalogo\/\"},{\"@type\":\"ListItem\",\"position\":3,\"name\":\"Mezcla 32\"}]},{\"@type\":\"WebSite\",\"@id\":\"https:\/\/grupoimpulsora.com\/#website\",\"url\":\"https:\/\/grupoimpulsora.com\/\",\"name\":\"Grupo Impulsora\",\"description\":\"Comercializadora de insumos agr\u00edcolas especializada en productos de fertilizaci\u00f3n para granos\",\"publisher\":{\"@id\":\"https:\/\/grupoimpulsora.com\/#organization\"},\"potentialAction\":[{\"@type\":\"SearchAction\",\"target\":{\"@type\":\"EntryPoint\",\"urlTemplate\":\"https:\/\/grupoimpulsora.com\/?s={search_term_string}\"},\"query-input\":{\"@type\":\"PropertyValueSpecification\",\"valueRequired\":true,\"valueName\":\"search_term_string\"}}],\"inLanguage\":\"es\"},{\"@type\":\"Organization\",\"@id\":\"https:\/\/grupoimpulsora.com\/#organization\",\"name\":\"Grupo Impulsora\",\"url\":\"https:\/\/grupoimpulsora.com\/\",\"logo\":{\"@type\":\"ImageObject\",\"inLanguage\":\"es\",\"@id\":\"https:\/\/grupoimpulsora.com\/#\/schema\/logo\/image\/\",\"url\":\"https:\/\/grupoimpulsora.com\/wp-content\/uploads\/2024\/03\/Logotipo-Barra-de-navegacion.png\",\"contentUrl\":\"https:\/\/grupoimpulsora.com\/wp-content\/uploads\/2024\/03\/Logotipo-Barra-de-navegacion.png\",\"width\":385,\"height\":64,\"caption\":\"Grupo Impulsora\"},\"image\":{\"@id\":\"https:\/\/grupoimpulsora.com\/#\/schema\/logo\/image\/\"},\"sameAs\":[\"https:\/\/www.facebook.com\/GrupoImpulsora\",\"https:\/\/www.instagram.com\/grupoimpulsora\/\",\"https:\/\/www.youtube.com\/@grupoimpulsora\"]}]}<\/script>\n<!-- \/ Yoast SEO plugin. -->","yoast_head_json":{"title":"Mezcla 32 - Grupo Impulsora","description":"F\u00f3rmulas de arranque con alto contenido de nitr\u00f3geno, para un r\u00e1pido crecimiento vegetativo y desarrollo foliar vigoroso.","robots":{"index":"index","follow":"follow","max-snippet":"max-snippet:-1","max-image-preview":"max-image-preview:large","max-video-preview":"max-video-preview:-1"},"canonical":"https:\/\/grupoimpulsora.com\/es\/producto\/mezcla-32\/","og_locale":"es_MX","og_type":"article","og_title":"Mezcla 32 - Grupo Impulsora","og_description":"F\u00f3rmulas de arranque con alto contenido de nitr\u00f3geno, para un r\u00e1pido crecimiento vegetativo y desarrollo foliar vigoroso.","og_url":"https:\/\/grupoimpulsora.com\/es\/producto\/mezcla-32\/","og_site_name":"Grupo Impulsora","article_publisher":"https:\/\/www.facebook.com\/GrupoImpulsora","article_modified_time":"2025-10-16T22:03:01+00:00","og_image":[{"width":500,"height":750,"url":"https:\/\/grupoimpulsora.com\/wp-content\/uploads\/2025\/10\/Mezcla-32-10-500x750-1.png","type":"image\/png"}],"twitter_card":"summary_large_image","twitter_misc":{"Tiempo de lectura":"1 minuto"},"schema":{"@context":"https:\/\/schema.org","@graph":[{"@type":"WebPage","@id":"https:\/\/grupoimpulsora.com\/producto\/mezcla-32\/","url":"https:\/\/grupoimpulsora.com\/producto\/mezcla-32\/","name":"Mezcla 32 - Grupo Impulsora","isPartOf":{"@id":"https:\/\/grupoimpulsora.com\/#website"},"primaryImageOfPage":{"@id":"https:\/\/grupoimpulsora.com\/producto\/mezcla-32\/#primaryimage"},"image":{"@id":"https:\/\/grupoimpulsora.com\/producto\/mezcla-32\/#primaryimage"},"thumbnailUrl":"https:\/\/grupoimpulsora.com\/wp-content\/uploads\/2025\/10\/Mezcla-32-10-500x750-1.png","datePublished":"2025-10-16T19:22:05+00:00","dateModified":"2025-10-16T22:03:01+00:00","description":"F\u00f3rmulas de arranque con alto contenido de nitr\u00f3geno, para un r\u00e1pido crecimiento vegetativo y desarrollo foliar vigoroso.","breadcrumb":{"@id":"https:\/\/grupoimpulsora.com\/producto\/mezcla-32\/#breadcrumb"},"inLanguage":"es","potentialAction":[{"@type":"ReadAction","target":["https:\/\/grupoimpulsora.com\/producto\/mezcla-32\/"]}]},{"@type":"ImageObject","inLanguage":"es","@id":"https:\/\/grupoimpulsora.com\/producto\/mezcla-32\/#primaryimage","url":"https:\/\/grupoimpulsora.com\/wp-content\/uploads\/2025\/10\/Mezcla-32-10-500x750-1.png","contentUrl":"https:\/\/grupoimpulsora.com\/wp-content\/uploads\/2025\/10\/Mezcla-32-10-500x750-1.png","width":500,"height":750},{"@type":"BreadcrumbList","@id":"https:\/\/grupoimpulsora.com\/producto\/mezcla-32\/#breadcrumb","itemListElement":[{"@type":"ListItem","position":1,"name":"Inicio","item":"https:\/\/grupoimpulsora.com\/"},{"@type":"ListItem","position":2,"name":"Cat\u00e1logo","item":"https:\/\/grupoimpulsora.com\/catalogo\/"},{"@type":"ListItem","position":3,"name":"Mezcla 32"}]},{"@type":"WebSite","@id":"https:\/\/grupoimpulsora.com\/#website","url":"https:\/\/grupoimpulsora.com\/","name":"Grupo Impulsora","description":"Comercializadora de insumos agr\u00edcolas especializada en productos de fertilizaci\u00f3n para granos","publisher":{"@id":"https:\/\/grupoimpulsora.com\/#organization"},"potentialAction":[{"@type":"SearchAction","target":{"@type":"EntryPoint","urlTemplate":"https:\/\/grupoimpulsora.com\/?s={search_term_string}"},"query-input":{"@type":"PropertyValueSpecification","valueRequired":true,"valueName":"search_term_string"}}],"inLanguage":"es"},{"@type":"Organization","@id":"https:\/\/grupoimpulsora.com\/#organization","name":"Grupo Impulsora","url":"https:\/\/grupoimpulsora.com\/","logo":{"@type":"ImageObject","inLanguage":"es","@id":"https:\/\/grupoimpulsora.com\/#\/schema\/logo\/image\/","url":"https:\/\/grupoimpulsora.com\/wp-content\/uploads\/2024\/03\/Logotipo-Barra-de-navegacion.png","contentUrl":"https:\/\/grupoimpulsora.com\/wp-content\/uploads\/2024\/03\/Logotipo-Barra-de-navegacion.png","width":385,"height":64,"caption":"Grupo Impulsora"},"image":{"@id":"https:\/\/grupoimpulsora.com\/#\/schema\/logo\/image\/"},"sameAs":["https:\/\/www.facebook.com\/GrupoImpulsora","https:\/\/www.instagram.com\/grupoimpulsora\/","https:\/\/www.youtube.com\/@grupoimpulsora"]}]}},"_links":{"self":[{"href":"https:\/\/grupoimpulsora.com\/es\/wp-json\/wp\/v2\/product\/1896","targetHints":{"allow":["GET"]}}],"collection":[{"href":"https:\/\/grupoimpulsora.com\/es\/wp-json\/wp\/v2\/product"}],"about":[{"href":"https:\/\/grupoimpulsora.com\/es\/wp-json\/wp\/v2\/types\/product"}],"replies":[{"embeddable":true,"href":"https:\/\/grupoimpulsora.com\/es\/wp-json\/wp\/v2\/comments?post=1896"}],"version-history":[{"count":4,"href":"https:\/\/grupoimpulsora.com\/es\/wp-json\/wp\/v2\/product\/1896\/revisions"}],"predecessor-version":[{"id":2045,"href":"https:\/\/grupoimpulsora.com\/es\/wp-json\/wp\/v2\/product\/1896\/revisions\/2045"}],"wp:featuredmedia":[{"embeddable":true,"href":"https:\/\/grupoimpulsora.com\/es\/wp-json\/wp\/v2\/media\/1997"}],"wp:attachment":[{"href":"https:\/\/grupoimpulsora.com\/es\/wp-json\/wp\/v2\/media?parent=1896"}],"wp:term":[{"taxonomy":"product_brand","embeddable":true,"href":"https:\/\/grupoimpulsora.com\/es\/wp-json\/wp\/v2\/product_brand?post=1896"},{"taxonomy":"product_cat","embeddable":true,"href":"https:\/\/grupoimpulsora.com\/es\/wp-json\/wp\/v2\/product_cat?post=1896"},{"taxonomy":"product_tag","embeddable":true,"href":"https:\/\/grupoimpulsora.com\/es\/wp-json\/wp\/v2\/product_tag?post=1896"}],"curies":[{"name":"wp","href":"https:\/\/api.w.org\/{rel}","templated":true}]}}