{"id":1915,"date":"2025-10-16T12:22:10","date_gmt":"2025-10-16T19:22:10","guid":{"rendered":"https:\/\/grupoimpulsora.com\/producto\/agrolution-phlow-11-2\/"},"modified":"2025-10-16T23:35:14","modified_gmt":"2025-10-17T06:35:14","slug":"agrolution-phlow-11","status":"publish","type":"product","link":"https:\/\/grupoimpulsora.com\/es\/producto\/agrolution-phlow-11\/","title":{"rendered":"Agrolution  pHLow 11"},"content":{"rendered":"<p><strong>Beneficios<\/strong><\/p>\n<ul>\n<li>Alto-K con extra de CaO para cubrir la demanda del cultivo<\/li>\n<li>Formulaci\u00f3n acidificante ideal para suelos calc\u00e1reos y aguas duras<\/li>\n<li>Los ingredientes de la m\u00e1s alta pureza reducen el riesgo de quemado de las hojas a\u00fan en aplicaci\u00f3n foliar<\/li>\n<li>Micronutrientes completamente quelados<\/li>\n<li>Los nutrientes completamente solubles mantienen limpios los sistemas de irrigaci\u00f3n<\/li>\n<\/ul>\n<p><strong>Recomendaciones<\/strong><\/p>\n<ul>\n<li>Se puede usar en suelos calc\u00e1reos y\/o aguas duras, con acci\u00f3n antiblanqueante y propiedades acidificantes.<\/li>\n<li>Se recomienda para cultivos como invernaderos, hortalizas, frutas y flores en cualquier medio de cultivo as\u00ed como cultivos a campo abierto y plantaciones frutales<\/li>\n<\/ul>\n<p><strong>Composici\u00f3n<\/strong><br \/>\nN11 P8 K36 3CaO +Micros<\/p>\n<p><strong>Etapa de aplicaci\u00f3n <\/strong><br \/>\nFructificaci\u00f3n<\/p>\n<p><strong>Cultivos<\/strong><br \/>\nHortalizas<\/p>\n<p><strong>Aplicaci\u00f3n<\/strong><br \/>\nFertirriego<\/p>\n<p><strong>Presentaci\u00f3n<\/strong><br \/>\nGranular<\/p>","protected":false},"excerpt":{"rendered":"<p>Fertilizante con una formulaci\u00f3n para fertirrigaci\u00f3n con un alto nivel de K, un extra de CaO y micronutrientes para una nutrici\u00f3n balanceada en etapas de alta demanda de potasio. Su uso es ideal en periodos de producci\u00f3n y llenado, mejorando la disponibilidad general de nutrientes y la calidad de la cosecha.<\/p>\n<p>Tecnolog\u00eda Pekacid:<br \/>\nReemplaza los \u00e1cidos agr\u00edcolas convencionales, destapa sistemas de riego y mejora la absorci\u00f3n de nutrientes<\/p>","protected":false},"featured_media":2005,"comment_status":"open","ping_status":"closed","template":"","meta":{"_exactmetrics_skip_tracking":false,"_exactmetrics_sitenote_active":false,"_exactmetrics_sitenote_note":"","_exactmetrics_sitenote_category":0,"ocean_post_layout":"","ocean_both_sidebars_style":"","ocean_both_sidebars_content_width":0,"ocean_both_sidebars_sidebars_width":0,"ocean_sidebar":"0","ocean_second_sidebar":"0","ocean_disable_margins":"enable","ocean_add_body_class":"","ocean_shortcode_before_top_bar":"","ocean_shortcode_after_top_bar":"","ocean_shortcode_before_header":"","ocean_shortcode_after_header":"","ocean_has_shortcode":"","ocean_shortcode_after_title":"","ocean_shortcode_before_footer_widgets":"","ocean_shortcode_after_footer_widgets":"","ocean_shortcode_before_footer_bottom":"","ocean_shortcode_after_footer_bottom":"","ocean_display_top_bar":"default","ocean_display_header":"default","ocean_header_style":"","ocean_center_header_left_menu":"0","ocean_custom_header_template":"0","ocean_custom_logo":0,"ocean_custom_retina_logo":0,"ocean_custom_logo_max_width":0,"ocean_custom_logo_tablet_max_width":0,"ocean_custom_logo_mobile_max_width":0,"ocean_custom_logo_max_height":0,"ocean_custom_logo_tablet_max_height":0,"ocean_custom_logo_mobile_max_height":0,"ocean_header_custom_menu":"0","ocean_menu_typo_font_family":"0","ocean_menu_typo_font_subset":"","ocean_menu_typo_font_size":0,"ocean_menu_typo_font_size_tablet":0,"ocean_menu_typo_font_size_mobile":0,"ocean_menu_typo_font_size_unit":"px","ocean_menu_typo_font_weight":"","ocean_menu_typo_font_weight_tablet":"","ocean_menu_typo_font_weight_mobile":"","ocean_menu_typo_transform":"","ocean_menu_typo_transform_tablet":"","ocean_menu_typo_transform_mobile":"","ocean_menu_typo_line_height":0,"ocean_menu_typo_line_height_tablet":0,"ocean_menu_typo_line_height_mobile":0,"ocean_menu_typo_line_height_unit":"","ocean_menu_typo_spacing":0,"ocean_menu_typo_spacing_tablet":0,"ocean_menu_typo_spacing_mobile":0,"ocean_menu_typo_spacing_unit":"","ocean_menu_link_color":"","ocean_menu_link_color_hover":"","ocean_menu_link_color_active":"","ocean_menu_link_background":"","ocean_menu_link_hover_background":"","ocean_menu_link_active_background":"","ocean_menu_social_links_bg":"","ocean_menu_social_hover_links_bg":"","ocean_menu_social_links_color":"","ocean_menu_social_hover_links_color":"","ocean_disable_title":"default","ocean_disable_heading":"default","ocean_post_title":"","ocean_post_subheading":"","ocean_post_title_style":"","ocean_post_title_background_color":"","ocean_post_title_background":0,"ocean_post_title_bg_image_position":"","ocean_post_title_bg_image_attachment":"","ocean_post_title_bg_image_repeat":"","ocean_post_title_bg_image_size":"","ocean_post_title_height":0,"ocean_post_title_bg_overlay":0.5,"ocean_post_title_bg_overlay_color":"","ocean_disable_breadcrumbs":"default","ocean_breadcrumbs_color":"","ocean_breadcrumbs_separator_color":"","ocean_breadcrumbs_links_color":"","ocean_breadcrumbs_links_hover_color":"","ocean_display_footer_widgets":"default","ocean_display_footer_bottom":"default","ocean_custom_footer_template":"0","_joinchat":[]},"product_brand":[146],"product_cat":[190],"product_tag":[27,91,154,120,88,202],"class_list":{"0":"post-1915","1":"product","2":"type-product","3":"status-publish","4":"has-post-thumbnail","6":"product_brand-icl","7":"product_cat-solubles-2","8":"product_tag-fertilizante","9":"product_tag-fertirriego-2","10":"product_tag-fructificacion","11":"product_tag-granular","12":"product_tag-hortalizas","13":"product_tag-n11-p8-k36-3cao-micros","15":"entry","16":"has-media","18":"first","19":"instock","20":"shipping-taxable","21":"product-type-simple","22":"has-product-nav","23":"col","24":"span_1_of_3","25":"owp-content-center","26":"item-entry","27":"owp-thumbs-layout-horizontal","28":"owp-btn-normal","29":"owp-tabs-layout-horizontal","30":"has-no-thumbnails"},"yoast_head":"<!-- This site is optimized with the Yoast SEO plugin v27.1.1 - https:\/\/yoast.com\/product\/yoast-seo-wordpress\/ -->\n<title>Agrolution pHLow 11 - Grupo Impulsora<\/title>\n<meta name=\"description\" content=\"Formulaci\u00f3n para fertirrigaci\u00f3n con un alto nivel de K, un extra de CaO y micronutrientes para una nutrici\u00f3n balanceada en etapas de alta demanda de potasio\" \/>\n<meta name=\"robots\" content=\"index, follow, max-snippet:-1, max-image-preview:large, max-video-preview:-1\" \/>\n<link rel=\"canonical\" href=\"https:\/\/grupoimpulsora.com\/es\/producto\/agrolution-phlow-11\/\" \/>\n<meta property=\"og:locale\" content=\"es_MX\" \/>\n<meta property=\"og:type\" content=\"article\" \/>\n<meta property=\"og:title\" content=\"Agrolution pHLow 11 - Grupo Impulsora\" \/>\n<meta property=\"og:description\" content=\"Formulaci\u00f3n para fertirrigaci\u00f3n con un alto nivel de K, un extra de CaO y micronutrientes para una nutrici\u00f3n balanceada en etapas de alta demanda de potasio\" \/>\n<meta property=\"og:url\" content=\"https:\/\/grupoimpulsora.com\/es\/producto\/agrolution-phlow-11\/\" \/>\n<meta property=\"og:site_name\" content=\"Grupo Impulsora\" \/>\n<meta property=\"article:publisher\" content=\"https:\/\/www.facebook.com\/GrupoImpulsora\" \/>\n<meta property=\"article:modified_time\" content=\"2025-10-17T06:35:14+00:00\" \/>\n<meta property=\"og:image\" content=\"https:\/\/grupoimpulsora.com\/wp-content\/uploads\/2025\/10\/phlow11-500x750-1.png\" \/>\n\t<meta property=\"og:image:width\" content=\"500\" \/>\n\t<meta property=\"og:image:height\" content=\"750\" \/>\n\t<meta property=\"og:image:type\" content=\"image\/png\" \/>\n<meta name=\"twitter:card\" content=\"summary_large_image\" \/>\n<meta name=\"twitter:label1\" content=\"Tiempo de lectura\" \/>\n\t<meta name=\"twitter:data1\" content=\"1 minuto\" \/>\n<script type=\"application\/ld+json\" class=\"yoast-schema-graph\">{\"@context\":\"https:\/\/schema.org\",\"@graph\":[{\"@type\":\"WebPage\",\"@id\":\"https:\/\/grupoimpulsora.com\/producto\/agrolution-phlow-11\/\",\"url\":\"https:\/\/grupoimpulsora.com\/producto\/agrolution-phlow-11\/\",\"name\":\"Agrolution pHLow 11 - Grupo Impulsora\",\"isPartOf\":{\"@id\":\"https:\/\/grupoimpulsora.com\/#website\"},\"primaryImageOfPage\":{\"@id\":\"https:\/\/grupoimpulsora.com\/producto\/agrolution-phlow-11\/#primaryimage\"},\"image\":{\"@id\":\"https:\/\/grupoimpulsora.com\/producto\/agrolution-phlow-11\/#primaryimage\"},\"thumbnailUrl\":\"https:\/\/grupoimpulsora.com\/wp-content\/uploads\/2025\/10\/phlow11-500x750-1.png\",\"datePublished\":\"2025-10-16T19:22:10+00:00\",\"dateModified\":\"2025-10-17T06:35:14+00:00\",\"description\":\"Formulaci\u00f3n para fertirrigaci\u00f3n con un alto nivel de K, un extra de CaO y micronutrientes para una nutrici\u00f3n balanceada en etapas de alta demanda de potasio\",\"breadcrumb\":{\"@id\":\"https:\/\/grupoimpulsora.com\/producto\/agrolution-phlow-11\/#breadcrumb\"},\"inLanguage\":\"es\",\"potentialAction\":[{\"@type\":\"ReadAction\",\"target\":[\"https:\/\/grupoimpulsora.com\/producto\/agrolution-phlow-11\/\"]}]},{\"@type\":\"ImageObject\",\"inLanguage\":\"es\",\"@id\":\"https:\/\/grupoimpulsora.com\/producto\/agrolution-phlow-11\/#primaryimage\",\"url\":\"https:\/\/grupoimpulsora.com\/wp-content\/uploads\/2025\/10\/phlow11-500x750-1.png\",\"contentUrl\":\"https:\/\/grupoimpulsora.com\/wp-content\/uploads\/2025\/10\/phlow11-500x750-1.png\",\"width\":500,\"height\":750,\"caption\":\"pH Low 11\"},{\"@type\":\"BreadcrumbList\",\"@id\":\"https:\/\/grupoimpulsora.com\/producto\/agrolution-phlow-11\/#breadcrumb\",\"itemListElement\":[{\"@type\":\"ListItem\",\"position\":1,\"name\":\"Inicio\",\"item\":\"https:\/\/grupoimpulsora.com\/\"},{\"@type\":\"ListItem\",\"position\":2,\"name\":\"Cat\u00e1logo\",\"item\":\"https:\/\/grupoimpulsora.com\/catalogo\/\"},{\"@type\":\"ListItem\",\"position\":3,\"name\":\"Agrolution pHLow 11\"}]},{\"@type\":\"WebSite\",\"@id\":\"https:\/\/grupoimpulsora.com\/#website\",\"url\":\"https:\/\/grupoimpulsora.com\/\",\"name\":\"Grupo Impulsora\",\"description\":\"Comercializadora de insumos agr\u00edcolas especializada en productos de fertilizaci\u00f3n para granos\",\"publisher\":{\"@id\":\"https:\/\/grupoimpulsora.com\/#organization\"},\"potentialAction\":[{\"@type\":\"SearchAction\",\"target\":{\"@type\":\"EntryPoint\",\"urlTemplate\":\"https:\/\/grupoimpulsora.com\/?s={search_term_string}\"},\"query-input\":{\"@type\":\"PropertyValueSpecification\",\"valueRequired\":true,\"valueName\":\"search_term_string\"}}],\"inLanguage\":\"es\"},{\"@type\":\"Organization\",\"@id\":\"https:\/\/grupoimpulsora.com\/#organization\",\"name\":\"Grupo Impulsora\",\"url\":\"https:\/\/grupoimpulsora.com\/\",\"logo\":{\"@type\":\"ImageObject\",\"inLanguage\":\"es\",\"@id\":\"https:\/\/grupoimpulsora.com\/#\/schema\/logo\/image\/\",\"url\":\"https:\/\/grupoimpulsora.com\/wp-content\/uploads\/2024\/03\/Logotipo-Barra-de-navegacion.png\",\"contentUrl\":\"https:\/\/grupoimpulsora.com\/wp-content\/uploads\/2024\/03\/Logotipo-Barra-de-navegacion.png\",\"width\":385,\"height\":64,\"caption\":\"Grupo Impulsora\"},\"image\":{\"@id\":\"https:\/\/grupoimpulsora.com\/#\/schema\/logo\/image\/\"},\"sameAs\":[\"https:\/\/www.facebook.com\/GrupoImpulsora\",\"https:\/\/www.instagram.com\/grupoimpulsora\/\",\"https:\/\/www.youtube.com\/@grupoimpulsora\"]}]}<\/script>\n<!-- \/ Yoast SEO plugin. -->","yoast_head_json":{"title":"Agrolution pHLow 11 - Grupo Impulsora","description":"Formulaci\u00f3n para fertirrigaci\u00f3n con un alto nivel de K, un extra de CaO y micronutrientes para una nutrici\u00f3n balanceada en etapas de alta demanda de potasio","robots":{"index":"index","follow":"follow","max-snippet":"max-snippet:-1","max-image-preview":"max-image-preview:large","max-video-preview":"max-video-preview:-1"},"canonical":"https:\/\/grupoimpulsora.com\/es\/producto\/agrolution-phlow-11\/","og_locale":"es_MX","og_type":"article","og_title":"Agrolution pHLow 11 - Grupo Impulsora","og_description":"Formulaci\u00f3n para fertirrigaci\u00f3n con un alto nivel de K, un extra de CaO y micronutrientes para una nutrici\u00f3n balanceada en etapas de alta demanda de potasio","og_url":"https:\/\/grupoimpulsora.com\/es\/producto\/agrolution-phlow-11\/","og_site_name":"Grupo Impulsora","article_publisher":"https:\/\/www.facebook.com\/GrupoImpulsora","article_modified_time":"2025-10-17T06:35:14+00:00","og_image":[{"width":500,"height":750,"url":"https:\/\/grupoimpulsora.com\/wp-content\/uploads\/2025\/10\/phlow11-500x750-1.png","type":"image\/png"}],"twitter_card":"summary_large_image","twitter_misc":{"Tiempo de lectura":"1 minuto"},"schema":{"@context":"https:\/\/schema.org","@graph":[{"@type":"WebPage","@id":"https:\/\/grupoimpulsora.com\/producto\/agrolution-phlow-11\/","url":"https:\/\/grupoimpulsora.com\/producto\/agrolution-phlow-11\/","name":"Agrolution pHLow 11 - Grupo Impulsora","isPartOf":{"@id":"https:\/\/grupoimpulsora.com\/#website"},"primaryImageOfPage":{"@id":"https:\/\/grupoimpulsora.com\/producto\/agrolution-phlow-11\/#primaryimage"},"image":{"@id":"https:\/\/grupoimpulsora.com\/producto\/agrolution-phlow-11\/#primaryimage"},"thumbnailUrl":"https:\/\/grupoimpulsora.com\/wp-content\/uploads\/2025\/10\/phlow11-500x750-1.png","datePublished":"2025-10-16T19:22:10+00:00","dateModified":"2025-10-17T06:35:14+00:00","description":"Formulaci\u00f3n para fertirrigaci\u00f3n con un alto nivel de K, un extra de CaO y micronutrientes para una nutrici\u00f3n balanceada en etapas de alta demanda de potasio","breadcrumb":{"@id":"https:\/\/grupoimpulsora.com\/producto\/agrolution-phlow-11\/#breadcrumb"},"inLanguage":"es","potentialAction":[{"@type":"ReadAction","target":["https:\/\/grupoimpulsora.com\/producto\/agrolution-phlow-11\/"]}]},{"@type":"ImageObject","inLanguage":"es","@id":"https:\/\/grupoimpulsora.com\/producto\/agrolution-phlow-11\/#primaryimage","url":"https:\/\/grupoimpulsora.com\/wp-content\/uploads\/2025\/10\/phlow11-500x750-1.png","contentUrl":"https:\/\/grupoimpulsora.com\/wp-content\/uploads\/2025\/10\/phlow11-500x750-1.png","width":500,"height":750,"caption":"pH Low 11"},{"@type":"BreadcrumbList","@id":"https:\/\/grupoimpulsora.com\/producto\/agrolution-phlow-11\/#breadcrumb","itemListElement":[{"@type":"ListItem","position":1,"name":"Inicio","item":"https:\/\/grupoimpulsora.com\/"},{"@type":"ListItem","position":2,"name":"Cat\u00e1logo","item":"https:\/\/grupoimpulsora.com\/catalogo\/"},{"@type":"ListItem","position":3,"name":"Agrolution pHLow 11"}]},{"@type":"WebSite","@id":"https:\/\/grupoimpulsora.com\/#website","url":"https:\/\/grupoimpulsora.com\/","name":"Grupo Impulsora","description":"Comercializadora de insumos agr\u00edcolas especializada en productos de fertilizaci\u00f3n para granos","publisher":{"@id":"https:\/\/grupoimpulsora.com\/#organization"},"potentialAction":[{"@type":"SearchAction","target":{"@type":"EntryPoint","urlTemplate":"https:\/\/grupoimpulsora.com\/?s={search_term_string}"},"query-input":{"@type":"PropertyValueSpecification","valueRequired":true,"valueName":"search_term_string"}}],"inLanguage":"es"},{"@type":"Organization","@id":"https:\/\/grupoimpulsora.com\/#organization","name":"Grupo Impulsora","url":"https:\/\/grupoimpulsora.com\/","logo":{"@type":"ImageObject","inLanguage":"es","@id":"https:\/\/grupoimpulsora.com\/#\/schema\/logo\/image\/","url":"https:\/\/grupoimpulsora.com\/wp-content\/uploads\/2024\/03\/Logotipo-Barra-de-navegacion.png","contentUrl":"https:\/\/grupoimpulsora.com\/wp-content\/uploads\/2024\/03\/Logotipo-Barra-de-navegacion.png","width":385,"height":64,"caption":"Grupo Impulsora"},"image":{"@id":"https:\/\/grupoimpulsora.com\/#\/schema\/logo\/image\/"},"sameAs":["https:\/\/www.facebook.com\/GrupoImpulsora","https:\/\/www.instagram.com\/grupoimpulsora\/","https:\/\/www.youtube.com\/@grupoimpulsora"]}]}},"_links":{"self":[{"href":"https:\/\/grupoimpulsora.com\/es\/wp-json\/wp\/v2\/product\/1915","targetHints":{"allow":["GET"]}}],"collection":[{"href":"https:\/\/grupoimpulsora.com\/es\/wp-json\/wp\/v2\/product"}],"about":[{"href":"https:\/\/grupoimpulsora.com\/es\/wp-json\/wp\/v2\/types\/product"}],"replies":[{"embeddable":true,"href":"https:\/\/grupoimpulsora.com\/es\/wp-json\/wp\/v2\/comments?post=1915"}],"version-history":[{"count":3,"href":"https:\/\/grupoimpulsora.com\/es\/wp-json\/wp\/v2\/product\/1915\/revisions"}],"predecessor-version":[{"id":2076,"href":"https:\/\/grupoimpulsora.com\/es\/wp-json\/wp\/v2\/product\/1915\/revisions\/2076"}],"wp:featuredmedia":[{"embeddable":true,"href":"https:\/\/grupoimpulsora.com\/es\/wp-json\/wp\/v2\/media\/2005"}],"wp:attachment":[{"href":"https:\/\/grupoimpulsora.com\/es\/wp-json\/wp\/v2\/media?parent=1915"}],"wp:term":[{"taxonomy":"product_brand","embeddable":true,"href":"https:\/\/grupoimpulsora.com\/es\/wp-json\/wp\/v2\/product_brand?post=1915"},{"taxonomy":"product_cat","embeddable":true,"href":"https:\/\/grupoimpulsora.com\/es\/wp-json\/wp\/v2\/product_cat?post=1915"},{"taxonomy":"product_tag","embeddable":true,"href":"https:\/\/grupoimpulsora.com\/es\/wp-json\/wp\/v2\/product_tag?post=1915"}],"curies":[{"name":"wp","href":"https:\/\/api.w.org\/{rel}","templated":true}]}}